{"id":5802,"date":"2025-07-26T08:27:49","date_gmt":"2025-07-26T08:27:49","guid":{"rendered":"https:\/\/www.museodeibambini.it\/lavora-con-noi\/"},"modified":"2026-03-29T14:38:48","modified_gmt":"2026-03-29T14:38:48","slug":"lavora-con-noi","status":"publish","type":"page","link":"https:\/\/www.museodeibambini.it\/it\/lavora-con-noi\/","title":{"rendered":"Lavora con noi"},"content":{"rendered":"\t\t<div data-elementor-type=\"wp-page\" data-elementor-id=\"5802\" class=\"elementor elementor-5802 elementor-5513\" data-elementor-post-type=\"page\">\n\t\t\t\t<div class=\"elementor-element elementor-element-266e098 e-con-full e-flex e-con e-parent\" data-id=\"266e098\" data-element_type=\"container\" data-e-type=\"container\" data-settings=\"{&quot;background_background&quot;:&quot;classic&quot;,&quot;shape_divider_bottom&quot;:&quot;waves&quot;}\">\n\t\t\t\t<div class=\"elementor-shape elementor-shape-bottom\" aria-hidden=\"true\" data-negative=\"false\">\n\t\t\t<svg xmlns=\"http:\/\/www.w3.org\/2000\/svg\" viewBox=\"0 0 1000 100\" preserveAspectRatio=\"none\">\n\t<path class=\"elementor-shape-fill\" d=\"M421.9,6.5c22.6-2.5,51.5,0.4,75.5,5.3c23.6,4.9,70.9,23.5,100.5,35.7c75.8,32.2,133.7,44.5,192.6,49.7\n\tc23.6,2.1,48.7,3.5,103.4-2.5c54.7-6,106.2-25.6,106.2-25.6V0H0v30.3c0,0,72,32.6,158.4,30.5c39.2-0.7,92.8-6.7,134-22.4\n\tc21.2-8.1,52.2-18.2,79.7-24.2C399.3,7.9,411.6,7.5,421.9,6.5z\"\/>\n<\/svg>\t\t<\/div>\n\t\t<div class=\"elementor-element elementor-element-c3e2e1b e-con-full e-flex e-con e-child\" data-id=\"c3e2e1b\" data-element_type=\"container\" data-e-type=\"container\">\n\t\t\t\t<div class=\"elementor-element elementor-element-66c56338 elementor-widget elementor-widget-heading\" data-id=\"66c56338\" data-element_type=\"widget\" data-e-type=\"widget\" data-widget_type=\"heading.default\">\n\t\t\t\t<div class=\"elementor-widget-container\">\n\t\t\t\t\t<h1 class=\"elementor-heading-title elementor-size-default\">Lavora con noi<\/h1>\t\t\t\t<\/div>\n\t\t\t\t<\/div>\n\t\t\t\t<\/div>\n\t\t\t\t<\/div>\n\t\t<div class=\"elementor-element elementor-element-cb154a2 e-con-full e-flex e-con e-parent\" data-id=\"cb154a2\" data-element_type=\"container\" data-e-type=\"container\" data-settings=\"{&quot;background_background&quot;:&quot;gradient&quot;,&quot;shape_divider_bottom_negative&quot;:&quot;yes&quot;,&quot;shape_divider_bottom&quot;:&quot;waves&quot;}\">\n\t\t\t\t<div class=\"elementor-shape elementor-shape-bottom\" aria-hidden=\"true\" data-negative=\"true\">\n\t\t\t<svg xmlns=\"http:\/\/www.w3.org\/2000\/svg\" viewBox=\"0 0 1000 100\" preserveAspectRatio=\"none\">\n\t<path class=\"elementor-shape-fill\" d=\"M790.5,93.1c-59.3-5.3-116.8-18-192.6-50c-29.6-12.7-76.9-31-100.5-35.9c-23.6-4.9-52.6-7.8-75.5-5.3\n\tc-10.2,1.1-22.6,1.4-50.1,7.4c-27.2,6.3-58.2,16.6-79.4,24.7c-41.3,15.9-94.9,21.9-134,22.6C72,58.2,0,25.8,0,25.8V100h1000V65.3\n\tc0,0-51.5,19.4-106.2,25.7C839.5,97,814.1,95.2,790.5,93.1z\"\/>\n<\/svg>\t\t<\/div>\n\t\t<div class=\"elementor-element elementor-element-800f546 e-con-full e-flex e-con e-child\" data-id=\"800f546\" data-element_type=\"container\" data-e-type=\"container\">\n\t\t\t\t<div class=\"elementor-element elementor-element-a0abe73 elementor-widget elementor-widget-heading\" data-id=\"a0abe73\" data-element_type=\"widget\" data-e-type=\"widget\" data-widget_type=\"heading.default\">\n\t\t\t\t<div class=\"elementor-widget-container\">\n\t\t\t\t\t<h2 class=\"elementor-heading-title elementor-size-default\">\ud83e\uddea Stiamo assumendo: facilitatore bilingue per scienza e gioco<\/h2>\t\t\t\t<\/div>\n\t\t\t\t<\/div>\n\t\t\t\t<div class=\"elementor-element elementor-element-6dc8922 elementor-widget elementor-widget-heading\" data-id=\"6dc8922\" data-element_type=\"widget\" data-e-type=\"widget\" data-widget_type=\"heading.default\">\n\t\t\t\t<div class=\"elementor-widget-container\">\n\t\t\t\t\t<h2 class=\"elementor-heading-title elementor-size-default\">Museo dei bambini Lecce \u2013 Part-time (20h\/settimana)<\/h2>\t\t\t\t<\/div>\n\t\t\t\t<\/div>\n\t\t\t\t<div class=\"elementor-element elementor-element-92861b9 elementor-widget elementor-widget-text-editor\" data-id=\"92861b9\" data-element_type=\"widget\" data-e-type=\"widget\" data-widget_type=\"text-editor.default\">\n\t\t\t\t<div class=\"elementor-widget-container\">\n\t\t\t\t\t\t\t\t\t<div data-id=\"0dd290a\" data-element_type=\"widget\" data-widget_type=\"heading.default\"><p>Sei una persona gentile, che sa stare con i bambini e piena di energia positiva? Stiamo cercando un\/una facilitatore\/trice bilingue (inglese-italiano) che ci aiuti a dare vita alla scienza pratica e al gioco creativo nel nostro museo interattivo per bambini a Lecce.  <\/p><\/div>\t\t\t\t\t\t\t\t<\/div>\n\t\t\t\t<\/div>\n\t\t\t\t<div class=\"elementor-element elementor-element-a386906 elementor-widget elementor-widget-heading\" data-id=\"a386906\" data-element_type=\"widget\" data-e-type=\"widget\" data-widget_type=\"heading.default\">\n\t\t\t\t<div class=\"elementor-widget-container\">\n\t\t\t\t\t<h2 class=\"elementor-heading-title elementor-size-default\">\ud83d\ude80 La nostra Missione<\/h2>\t\t\t\t<\/div>\n\t\t\t\t<\/div>\n\t\t\t\t<div class=\"elementor-element elementor-element-7021724 elementor-widget elementor-widget-text-editor\" data-id=\"7021724\" data-element_type=\"widget\" data-e-type=\"widget\" data-widget_type=\"text-editor.default\">\n\t\t\t\t<div class=\"elementor-widget-container\">\n\t\t\t\t\t\t\t\t\t<div data-id=\"0dd290a\" data-element_type=\"widget\" data-widget_type=\"heading.default\"><p>Al Museo dei Bambini, crediamo nel plasmare il futuro attraverso il potere del gioco. Il nostro spazio \u00e8 progettato per coltivare tre abilit\u00e0 fondamentali per la vita: curiosit\u00e0, resilienza e lavoro di squadra. Attraverso l&#8217;esplorazione indipendente, i bambini sviluppano l&#8217;amore per l&#8217;apprendimento. Abbracciando gli errori, acquisiscono adattabilit\u00e0 e fiducia. E lavorando insieme, promuovono la leadership e l&#8217;empatia, essenziali per il successo in ogni impresa.    <\/p><\/div>\t\t\t\t\t\t\t\t<\/div>\n\t\t\t\t<\/div>\n\t\t\t\t<div class=\"elementor-element elementor-element-9148379 elementor-widget elementor-widget-heading\" data-id=\"9148379\" data-element_type=\"widget\" data-e-type=\"widget\" data-widget_type=\"heading.default\">\n\t\t\t\t<div class=\"elementor-widget-container\">\n\t\t\t\t\t<h2 class=\"elementor-heading-title elementor-size-default\">\ud83d\udd2c Il ruolo<\/h2>\t\t\t\t<\/div>\n\t\t\t\t<\/div>\n\t\t\t\t<div class=\"elementor-element elementor-element-3ac66e1 elementor-widget__width-initial elementor-widget-mobile__width-initial elementor-widget elementor-widget-text-editor\" data-id=\"3ac66e1\" data-element_type=\"widget\" data-e-type=\"widget\" data-widget_type=\"text-editor.default\">\n\t\t\t\t<div class=\"elementor-widget-container\">\n\t\t\t\t\t\t\t\t\t<div data-id=\"0dd290a\" data-element_type=\"widget\" data-widget_type=\"heading.default\"><div class=\"\" data-block=\"true\" data-editor=\"3lha6\" data-offset-key=\"6h6ro-0-0\"><div class=\"public-DraftStyleDefault-block public-DraftStyleDefault-ltr\" data-offset-key=\"6h6ro-0-0\"><span data-offset-key=\"6h6ro-0-0\">Come facilitatore, dovrai:<\/span><\/div><div data-offset-key=\"6h6ro-0-0\"> <\/div><\/div><div class=\"public-DraftStyleDefault-block public-DraftStyleDefault-ltr\" data-offset-key=\"eefo3-0-0\"><span data-offset-key=\"eefo3-0-0\">Accogliere le famiglie e guidarle nell&#8217;esplorazione delle nostre mostre scientifiche e ludiche<\/span><span style=\"letter-spacing: 0px; word-spacing: 0em; background-color: transparent;\"> <\/span><\/div><div data-offset-key=\"f2s4f-0-0\"> <\/div><div class=\"public-DraftStyleDefault-block public-DraftStyleDefault-ltr\" data-offset-key=\"f2s4f-0-0\"><span data-offset-key=\"f2s4f-0-0\">Condurre semplici esperimenti e attivit\u00e0 STEM creative<\/span><span style=\"letter-spacing: 0px; word-spacing: 0em; background-color: transparent;\"> <\/span><\/div><div data-offset-key=\"f2s4f-0-0\"> <\/div><div class=\"public-DraftStyleDefault-block public-DraftStyleDefault-ltr\" data-offset-key=\"f2s4f-0-0\"><span style=\"letter-spacing: 0px; word-spacing: 0em; background-color: transparent;\">Allestire e ripristinare le postazioni attivit\u00e0, mantenendo le strutture sicure, pulite e coinvolgenti<\/span><\/div><div data-offset-key=\"f2s4f-0-0\"> <\/div><div class=\"public-DraftStyleDefault-block public-DraftStyleDefault-ltr\" data-offset-key=\"f2s4f-0-0\"><span style=\"background-color: transparent; letter-spacing: 0px; word-spacing: 0em;\">Mantenere un ambiente accogliente dove i bambini si sentano liberi di esplorare, interrogare e inventare<\/span><\/div><\/div>\t\t\t\t\t\t\t\t<\/div>\n\t\t\t\t<\/div>\n\t\t\t\t<div class=\"elementor-element elementor-element-03757bb elementor-widget elementor-widget-heading\" data-id=\"03757bb\" data-element_type=\"widget\" data-e-type=\"widget\" data-widget_type=\"heading.default\">\n\t\t\t\t<div class=\"elementor-widget-container\">\n\t\t\t\t\t<h2 class=\"elementor-heading-title elementor-size-default\">\ud83d\udccb Cosa offriamo<\/h2>\t\t\t\t<\/div>\n\t\t\t\t<\/div>\n\t\t\t\t<div class=\"elementor-element elementor-element-3aaa630 elementor-widget elementor-widget-text-editor\" data-id=\"3aaa630\" data-element_type=\"widget\" data-e-type=\"widget\" data-widget_type=\"text-editor.default\">\n\t\t\t\t<div class=\"elementor-widget-container\">\n\t\t\t\t\t\t\t\t\t<div data-id=\"0dd290a\" data-element_type=\"widget\" data-widget_type=\"heading.default\"><div data-offset-key=\"7ac12-0-0\"><span data-offset-key=\"7ac12-0-0\">Contratto part-time: 14-20 ore a settimana, 3 giorni a settimana, weekend richiesto<\/span><\/div><div data-offset-key=\"16u94-0-0\"><span data-offset-key=\"16u94-0-0\">Contratto CCNL Commercio \u2013 Livello 5<\/span><\/div><div data-offset-key=\"16u94-0-0\"><span data-offset-key=\"7qbj2-0-0\">Retribuzione netta mensile: 825-1.050 \u20ac<\/span><\/div><div data-offset-key=\"16u94-0-0\"><span data-offset-key=\"5j9ou-0-0\">Periodo di prova retribuito con possibilit\u00e0 di un ruolo a lungo termine<\/span><\/div><div data-offset-key=\"16u94-0-0\"><p><span data-offset-key=\"duv1n-0-0\">Un ambiente collaborativo, orientato alla missione, con supporto e formazione continui<\/span><\/p><\/div><\/div>\t\t\t\t\t\t\t\t<\/div>\n\t\t\t\t<\/div>\n\t\t\t\t<div class=\"elementor-element elementor-element-a96b972 elementor-widget elementor-widget-heading\" data-id=\"a96b972\" data-element_type=\"widget\" data-e-type=\"widget\" data-widget_type=\"heading.default\">\n\t\t\t\t<div class=\"elementor-widget-container\">\n\t\t\t\t\t<h2 class=\"elementor-heading-title elementor-size-default\">\ud83c\udfaf Sei perfetto se:<\/h2>\t\t\t\t<\/div>\n\t\t\t\t<\/div>\n\t\t\t\t<div class=\"elementor-element elementor-element-b85108e elementor-widget elementor-widget-text-editor\" data-id=\"b85108e\" data-element_type=\"widget\" data-e-type=\"widget\" data-widget_type=\"text-editor.default\">\n\t\t\t\t<div class=\"elementor-widget-container\">\n\t\t\t\t\t\t\t\t\t<div class=\"public-DraftStyleDefault-block public-DraftStyleDefault-ltr\" data-offset-key=\"dr8bl-0-0\">Sei una persona gentile con energia positiva <\/div><div class=\"public-DraftStyleDefault-block public-DraftStyleDefault-ltr\" data-offset-key=\"dr8bl-0-0\"><span data-offset-key=\"dr8bl-0-0\">Parli fluentemente sia inglese che italiano <\/span><\/div><div class=\"public-DraftStyleDefault-block public-DraftStyleDefault-ltr\" data-offset-key=\"ebg67-0-0\"><span data-offset-key=\"ebg67-0-0\">Sei bravo a spiegare le cose<\/span><\/div><div class=\"public-DraftStyleDefault-block public-DraftStyleDefault-ltr\" data-offset-key=\"7t32o-0-0\"><span data-offset-key=\"7t32o-0-0\">Ti piace interagire con bambini e famiglie in contesti dinamici e informali<\/span><\/div><div class=\"public-DraftStyleDefault-block public-DraftStyleDefault-ltr\" data-offset-key=\"9pbk8-0-0\"><span data-offset-key=\"9pbk8-0-0\">Sei paziente, affidabile e calmo sotto pressione<\/span><\/div>\t\t\t\t\t\t\t\t<\/div>\n\t\t\t\t<\/div>\n\t\t\t\t<div class=\"elementor-element elementor-element-867363c elementor-widget elementor-widget-heading\" data-id=\"867363c\" data-element_type=\"widget\" data-e-type=\"widget\" data-widget_type=\"heading.default\">\n\t\t\t\t<div class=\"elementor-widget-container\">\n\t\t\t\t\t<h2 class=\"elementor-heading-title elementor-size-default\">\ud83d\udccd Sede<\/h2>\t\t\t\t<\/div>\n\t\t\t\t<\/div>\n\t\t\t\t<div class=\"elementor-element elementor-element-8ddf24d elementor-widget elementor-widget-text-editor\" data-id=\"8ddf24d\" data-element_type=\"widget\" data-e-type=\"widget\" data-widget_type=\"text-editor.default\">\n\t\t\t\t<div class=\"elementor-widget-container\">\n\t\t\t\t\t\t\t\t\t<p>Museo dei Bambini, Lecce \u2013 Via Foscarini 24, Lecce<\/p>\t\t\t\t\t\t\t\t<\/div>\n\t\t\t\t<\/div>\n\t\t\t\t<div class=\"elementor-element elementor-element-192c92a elementor-widget elementor-widget-heading\" data-id=\"192c92a\" data-element_type=\"widget\" data-e-type=\"widget\" data-widget_type=\"heading.default\">\n\t\t\t\t<div class=\"elementor-widget-container\">\n\t\t\t\t\t<h2 class=\"elementor-heading-title elementor-size-default\">\ud83e\udd29 Come candidarsi<\/h2>\t\t\t\t<\/div>\n\t\t\t\t<\/div>\n\t\t\t\t<div class=\"elementor-element elementor-element-358823d elementor-widget elementor-widget-text-editor\" data-id=\"358823d\" data-element_type=\"widget\" data-e-type=\"widget\" data-widget_type=\"text-editor.default\">\n\t\t\t\t<div class=\"elementor-widget-container\">\n\t\t\t\t\t\t\t\t\t<p>Completa un video colloquio di 4 minuti e parlaci di te. Se pensiamo che tu possa essere adatto, ti inviteremo a un incontro di persona al museo per conoscerci meglio. Non vediamo l&#8217;ora di incontrarti!  <\/p>\t\t\t\t\t\t\t\t<\/div>\n\t\t\t\t<\/div>\n\t\t\t\t<div class=\"elementor-element elementor-element-f23c631 elementor-align-center elementor-widget elementor-widget-button\" data-id=\"f23c631\" data-element_type=\"widget\" data-e-type=\"widget\" data-widget_type=\"button.default\">\n\t\t\t\t<div class=\"elementor-widget-container\">\n\t\t\t\t\t\t\t\t\t<div class=\"elementor-button-wrapper\">\n\t\t\t\t\t<a class=\"elementor-button elementor-button-link elementor-size-sm\" href=\"https:\/\/app.xinterview.ai\/direct_invite\/1a596256-b8bb-45d8-a50e-057d16db16cb\" target=\"_blank\" rel=\"noopener\">\n\t\t\t\t\t\t<span class=\"elementor-button-content-wrapper\">\n\t\t\t\t\t\t\t\t\t<span class=\"elementor-button-text\">Inizia<\/span>\n\t\t\t\t\t<\/span>\n\t\t\t\t\t<\/a>\n\t\t\t\t<\/div>\n\t\t\t\t\t\t\t\t<\/div>\n\t\t\t\t<\/div>\n\t\t\t\t<\/div>\n\t\t\t\t<\/div>\n\t\t\t\t<\/div>\n\t\t","protected":false},"excerpt":{"rendered":"<p>Lavora con noi \ud83e\uddea Stiamo assumendo: facilitatore bilingue per scienza e gioco Museo dei bambini Lecce \u2013 Part-time (20h\/settimana) Sei una persona gentile, che sa stare con i bambini e piena di energia positiva? Stiamo cercando un\/una facilitatore\/trice bilingue (inglese-italiano) che ci aiuti a dare vita alla scienza pratica e al gioco creativo nel nostro [&hellip;]<\/p>\n","protected":false},"author":1,"featured_media":0,"parent":0,"menu_order":0,"comment_status":"closed","ping_status":"closed","template":"","meta":{"footnotes":""},"class_list":["post-5802","page","type-page","status-publish","hentry"],"_links":{"self":[{"href":"https:\/\/www.museodeibambini.it\/it\/wp-json\/wp\/v2\/pages\/5802","targetHints":{"allow":["GET"]}}],"collection":[{"href":"https:\/\/www.museodeibambini.it\/it\/wp-json\/wp\/v2\/pages"}],"about":[{"href":"https:\/\/www.museodeibambini.it\/it\/wp-json\/wp\/v2\/types\/page"}],"author":[{"embeddable":true,"href":"https:\/\/www.museodeibambini.it\/it\/wp-json\/wp\/v2\/users\/1"}],"replies":[{"embeddable":true,"href":"https:\/\/www.museodeibambini.it\/it\/wp-json\/wp\/v2\/comments?post=5802"}],"version-history":[{"count":25,"href":"https:\/\/www.museodeibambini.it\/it\/wp-json\/wp\/v2\/pages\/5802\/revisions"}],"predecessor-version":[{"id":9686,"href":"https:\/\/www.museodeibambini.it\/it\/wp-json\/wp\/v2\/pages\/5802\/revisions\/9686"}],"wp:attachment":[{"href":"https:\/\/www.museodeibambini.it\/it\/wp-json\/wp\/v2\/media?parent=5802"}],"curies":[{"name":"wp","href":"https:\/\/api.w.org\/{rel}","templated":true}]}}